{"id":657,"date":"2022-03-25T12:23:58","date_gmt":"2022-03-25T12:23:58","guid":{"rendered":"https:\/\/albaniantennis.com\/?page_id=657"},"modified":"2025-06-17T13:02:48","modified_gmt":"2025-06-17T13:02:48","slug":"komiteti-ekzekutiv","status":"publish","type":"page","link":"https:\/\/albaniantennis.com\/en\/komiteti-ekzekutiv\/","title":{"rendered":"Antar\u00ebt e Federat\u00ebs"},"content":{"rendered":"<div data-elementor-type=\"wp-page\" data-elementor-id=\"657\" class=\"elementor elementor-657\">\n\t\t\t\t\t\t<section class=\"elementor-section elementor-top-section elementor-element elementor-element-4df6975 elementor-section-boxed elementor-section-height-default elementor-section-height-default wpr-particle-no wpr-jarallax-no wpr-parallax-no wpr-sticky-section-no wpr-equal-height-no\" data-id=\"4df6975\" data-element_type=\"section\" data-e-type=\"section\">\n\t\t\t\t\t\t<div class=\"elementor-container elementor-column-gap-default\">\n\t\t\t\t\t<div class=\"elementor-column elementor-col-50 elementor-top-column elementor-element elementor-element-fd59d74\" data-id=\"fd59d74\" data-element_type=\"column\" data-e-type=\"column\">\n\t\t\t<div class=\"elementor-widget-wrap elementor-element-populated\">\n\t\t\t\t\t\t<div class=\"elementor-element elementor-element-e117bee elementor-widget elementor-widget-text-editor\" data-id=\"e117bee\" data-element_type=\"widget\" data-e-type=\"widget\" data-widget_type=\"text-editor.default\">\n\t\t\t\t\t\t\t\t\t<p><strong>AN\u00cbTAR\u00cbT E FEDERAT\u00cbS<\/strong><\/p><p><strong>President<\/strong><br \/>Ferdinand Sulo<\/p><p><strong>Sekretar i P\u00ebrgjthsh\u00ebm<\/strong><br \/>Klaus Bardeli<\/p><p><strong>Kryesia <\/strong><br \/>P\u00ebrparim Zano \u2013 An\u00ebtar<br \/>Ilir Re\u00e7i \u2013 An\u00ebtar<br \/>Stavri Bello \u2013 An\u00ebtar<br \/>Juna K\u00ebllezi \u2013 An\u00ebtar<br \/>Armer Juka \u2013 An\u00ebtar<br \/>Ervin Rota \u2013 An\u00ebtar<\/p>\t\t\t\t\t\t\t\t<\/div>\n\t\t\t\t\t<\/div>\n\t\t<\/div>\n\t\t\t\t<div class=\"elementor-column elementor-col-50 elementor-top-column elementor-element elementor-element-2e8ab23\" data-id=\"2e8ab23\" data-element_type=\"column\" data-e-type=\"column\">\n\t\t\t<div class=\"elementor-widget-wrap elementor-element-populated\">\n\t\t\t\t\t\t<div class=\"elementor-element elementor-element-da2d682 elementor-widget elementor-widget-image\" data-id=\"da2d682\" data-element_type=\"widget\" data-e-type=\"widget\" data-widget_type=\"image.default\">\n\t\t\t\t\t\t\t\t\t\t\t\t\t\t\t<img fetchpriority=\"high\" decoding=\"async\" width=\"1440\" height=\"1080\" src=\"https:\/\/albaniantennis.com\/wp-content\/uploads\/2022\/05\/279926150_145680341345864_7641248185428999671_n.jpg\" class=\"attachment-full size-full wp-image-2807\" alt=\"\" srcset=\"https:\/\/albaniantennis.com\/wp-content\/uploads\/2022\/05\/279926150_145680341345864_7641248185428999671_n.jpg 1440w, https:\/\/albaniantennis.com\/wp-content\/uploads\/2022\/05\/279926150_145680341345864_7641248185428999671_n-300x225.jpg 300w, https:\/\/albaniantennis.com\/wp-content\/uploads\/2022\/05\/279926150_145680341345864_7641248185428999671_n-1024x768.jpg 1024w, https:\/\/albaniantennis.com\/wp-content\/uploads\/2022\/05\/279926150_145680341345864_7641248185428999671_n-768x576.jpg 768w, https:\/\/albaniantennis.com\/wp-content\/uploads\/2022\/05\/279926150_145680341345864_7641248185428999671_n-16x12.jpg 16w, https:\/\/albaniantennis.com\/wp-content\/uploads\/2022\/05\/279926150_145680341345864_7641248185428999671_n-750x563.jpg 750w, https:\/\/albaniantennis.com\/wp-content\/uploads\/2022\/05\/279926150_145680341345864_7641248185428999671_n-1140x855.jpg 1140w\" sizes=\"(max-width: 1440px) 100vw, 1440px\" \/>\t\t\t\t\t\t\t\t\t\t\t\t\t\t\t<\/div>\n\t\t\t\t\t<\/div>\n\t\t<\/div>\n\t\t\t\t\t<\/div>\n\t\t<\/section>\n\t\t\t\t<\/div>","protected":false},"excerpt":{"rendered":"<p>AN\u00cbTAR\u00cbT E FEDERAT\u00cbS PresidentFerdinand Sulo Sekretar i P\u00ebrgjthsh\u00ebmKlaus Bardeli Kryesia P\u00ebrparim Zano \u2013 An\u00ebtarIlir Re\u00e7i \u2013 An\u00ebtarStavri Bello \u2013 An\u00ebtarJuna K\u00ebllezi \u2013 An\u00ebtarArmer Juka \u2013 An\u00ebtarErvin Rota \u2013 An\u00ebtar<\/p>","protected":false},"author":1,"featured_media":0,"parent":0,"menu_order":0,"comment_status":"closed","ping_status":"closed","template":"elementor_header_footer","meta":{"_eb_attr":"","pgc_sgb_lightbox_settings":"","footnotes":""},"class_list":["post-657","page","type-page","status-publish","hentry"],"yoast_head":"<!-- This site is optimized with the Yoast SEO plugin v27.4 - https:\/\/yoast.com\/product\/yoast-seo-wordpress\/ -->\n<title>Antar\u00ebt e Federat\u00ebs &#8212; Federata Shqiptare e Tenisit<\/title>\n<meta name=\"robots\" content=\"index, follow, max-snippet:-1, max-image-preview:large, max-video-preview:-1\" \/>\n<link rel=\"canonical\" href=\"https:\/\/albaniantennis.com\/en\/komiteti-ekzekutiv\/\" \/>\n<meta property=\"og:locale\" content=\"en_US\" \/>\n<meta property=\"og:type\" content=\"article\" \/>\n<meta property=\"og:title\" content=\"Antar\u00ebt e Federat\u00ebs &#8212; Federata Shqiptare e Tenisit\" \/>\n<meta property=\"og:description\" content=\"AN\u00cbTAR\u00cbT E FEDERAT\u00cbS PresidentFerdinand Sulo Sekretar i P\u00ebrgjthsh\u00ebmKlaus Bardeli Kryesia P\u00ebrparim Zano \u2013 An\u00ebtarIlir Re\u00e7i \u2013 An\u00ebtarStavri Bello \u2013 An\u00ebtarJuna K\u00ebllezi \u2013 An\u00ebtarArmer Juka \u2013 An\u00ebtarErvin Rota \u2013 An\u00ebtar\" \/>\n<meta property=\"og:url\" content=\"https:\/\/albaniantennis.com\/en\/komiteti-ekzekutiv\/\" \/>\n<meta property=\"og:site_name\" content=\"Federata Shqiptare e Tenisit\" \/>\n<meta property=\"article:modified_time\" content=\"2025-06-17T13:02:48+00:00\" \/>\n<meta property=\"og:image\" content=\"https:\/\/albaniantennis.com\/wp-content\/uploads\/2022\/05\/279926150_145680341345864_7641248185428999671_n.jpg\" \/>\n\t<meta property=\"og:image:width\" content=\"1440\" \/>\n\t<meta property=\"og:image:height\" content=\"1080\" \/>\n\t<meta property=\"og:image:type\" content=\"image\/jpeg\" \/>\n<meta name=\"twitter:card\" content=\"summary_large_image\" \/>\n<meta name=\"twitter:label1\" content=\"Est. reading time\" \/>\n\t<meta name=\"twitter:data1\" content=\"1 minute\" \/>\n<script type=\"application\/ld+json\" class=\"yoast-schema-graph\">{\"@context\":\"https:\\\/\\\/schema.org\",\"@graph\":[{\"@type\":\"WebPage\",\"@id\":\"https:\\\/\\\/albaniantennis.com\\\/komiteti-ekzekutiv\\\/\",\"url\":\"https:\\\/\\\/albaniantennis.com\\\/komiteti-ekzekutiv\\\/\",\"name\":\"Antar\u00ebt e Federat\u00ebs &#8212; Federata Shqiptare e Tenisit\",\"isPartOf\":{\"@id\":\"https:\\\/\\\/albaniantennis.com\\\/#website\"},\"primaryImageOfPage\":{\"@id\":\"https:\\\/\\\/albaniantennis.com\\\/komiteti-ekzekutiv\\\/#primaryimage\"},\"image\":{\"@id\":\"https:\\\/\\\/albaniantennis.com\\\/komiteti-ekzekutiv\\\/#primaryimage\"},\"thumbnailUrl\":\"https:\\\/\\\/albaniantennis.com\\\/wp-content\\\/uploads\\\/2022\\\/05\\\/279926150_145680341345864_7641248185428999671_n.jpg\",\"datePublished\":\"2022-03-25T12:23:58+00:00\",\"dateModified\":\"2025-06-17T13:02:48+00:00\",\"breadcrumb\":{\"@id\":\"https:\\\/\\\/albaniantennis.com\\\/komiteti-ekzekutiv\\\/#breadcrumb\"},\"inLanguage\":\"en-US\",\"potentialAction\":[{\"@type\":\"ReadAction\",\"target\":[\"https:\\\/\\\/albaniantennis.com\\\/komiteti-ekzekutiv\\\/\"]}]},{\"@type\":\"ImageObject\",\"inLanguage\":\"en-US\",\"@id\":\"https:\\\/\\\/albaniantennis.com\\\/komiteti-ekzekutiv\\\/#primaryimage\",\"url\":\"https:\\\/\\\/albaniantennis.com\\\/wp-content\\\/uploads\\\/2022\\\/05\\\/279926150_145680341345864_7641248185428999671_n.jpg\",\"contentUrl\":\"https:\\\/\\\/albaniantennis.com\\\/wp-content\\\/uploads\\\/2022\\\/05\\\/279926150_145680341345864_7641248185428999671_n.jpg\"},{\"@type\":\"BreadcrumbList\",\"@id\":\"https:\\\/\\\/albaniantennis.com\\\/komiteti-ekzekutiv\\\/#breadcrumb\",\"itemListElement\":[{\"@type\":\"ListItem\",\"position\":1,\"name\":\"Home\",\"item\":\"https:\\\/\\\/albaniantennis.com\\\/\"},{\"@type\":\"ListItem\",\"position\":2,\"name\":\"Antar\u00ebt e Federat\u00ebs\"}]},{\"@type\":\"WebSite\",\"@id\":\"https:\\\/\\\/albaniantennis.com\\\/#website\",\"url\":\"https:\\\/\\\/albaniantennis.com\\\/\",\"name\":\"Federata Shqiptare e Tenisit\",\"description\":\"Federata Shqiptare e Tenisit\",\"publisher\":{\"@id\":\"https:\\\/\\\/albaniantennis.com\\\/#organization\"},\"potentialAction\":[{\"@type\":\"SearchAction\",\"target\":{\"@type\":\"EntryPoint\",\"urlTemplate\":\"https:\\\/\\\/albaniantennis.com\\\/?s={search_term_string}\"},\"query-input\":{\"@type\":\"PropertyValueSpecification\",\"valueRequired\":true,\"valueName\":\"search_term_string\"}}],\"inLanguage\":\"en-US\"},{\"@type\":\"Organization\",\"@id\":\"https:\\\/\\\/albaniantennis.com\\\/#organization\",\"name\":\"Federata Shqip\u00ebtare e Tenisit\",\"url\":\"https:\\\/\\\/albaniantennis.com\\\/\",\"logo\":{\"@type\":\"ImageObject\",\"inLanguage\":\"en-US\",\"@id\":\"https:\\\/\\\/albaniantennis.com\\\/#\\\/schema\\\/logo\\\/image\\\/\",\"url\":\"https:\\\/\\\/albaniantennis.com\\\/wp-content\\\/uploads\\\/2022\\\/03\\\/Logo.png\",\"contentUrl\":\"https:\\\/\\\/albaniantennis.com\\\/wp-content\\\/uploads\\\/2022\\\/03\\\/Logo.png\",\"width\":473,\"height\":400,\"caption\":\"Federata Shqip\u00ebtare e Tenisit\"},\"image\":{\"@id\":\"https:\\\/\\\/albaniantennis.com\\\/#\\\/schema\\\/logo\\\/image\\\/\"}}]}<\/script>\n<!-- \/ Yoast SEO plugin. -->","yoast_head_json":{"title":"Antar\u00ebt e Federat\u00ebs &#8212; Federata Shqiptare e Tenisit","robots":{"index":"index","follow":"follow","max-snippet":"max-snippet:-1","max-image-preview":"max-image-preview:large","max-video-preview":"max-video-preview:-1"},"canonical":"https:\/\/albaniantennis.com\/en\/komiteti-ekzekutiv\/","og_locale":"en_US","og_type":"article","og_title":"Antar\u00ebt e Federat\u00ebs &#8212; Federata Shqiptare e Tenisit","og_description":"AN\u00cbTAR\u00cbT E FEDERAT\u00cbS PresidentFerdinand Sulo Sekretar i P\u00ebrgjthsh\u00ebmKlaus Bardeli Kryesia P\u00ebrparim Zano \u2013 An\u00ebtarIlir Re\u00e7i \u2013 An\u00ebtarStavri Bello \u2013 An\u00ebtarJuna K\u00ebllezi \u2013 An\u00ebtarArmer Juka \u2013 An\u00ebtarErvin Rota \u2013 An\u00ebtar","og_url":"https:\/\/albaniantennis.com\/en\/komiteti-ekzekutiv\/","og_site_name":"Federata Shqiptare e Tenisit","article_modified_time":"2025-06-17T13:02:48+00:00","og_image":[{"width":1440,"height":1080,"url":"https:\/\/albaniantennis.com\/wp-content\/uploads\/2022\/05\/279926150_145680341345864_7641248185428999671_n.jpg","type":"image\/jpeg"}],"twitter_card":"summary_large_image","twitter_misc":{"Est. reading time":"1 minute"},"schema":{"@context":"https:\/\/schema.org","@graph":[{"@type":"WebPage","@id":"https:\/\/albaniantennis.com\/komiteti-ekzekutiv\/","url":"https:\/\/albaniantennis.com\/komiteti-ekzekutiv\/","name":"Antar\u00ebt e Federat\u00ebs &#8212; Federata Shqiptare e Tenisit","isPartOf":{"@id":"https:\/\/albaniantennis.com\/#website"},"primaryImageOfPage":{"@id":"https:\/\/albaniantennis.com\/komiteti-ekzekutiv\/#primaryimage"},"image":{"@id":"https:\/\/albaniantennis.com\/komiteti-ekzekutiv\/#primaryimage"},"thumbnailUrl":"https:\/\/albaniantennis.com\/wp-content\/uploads\/2022\/05\/279926150_145680341345864_7641248185428999671_n.jpg","datePublished":"2022-03-25T12:23:58+00:00","dateModified":"2025-06-17T13:02:48+00:00","breadcrumb":{"@id":"https:\/\/albaniantennis.com\/komiteti-ekzekutiv\/#breadcrumb"},"inLanguage":"en-US","potentialAction":[{"@type":"ReadAction","target":["https:\/\/albaniantennis.com\/komiteti-ekzekutiv\/"]}]},{"@type":"ImageObject","inLanguage":"en-US","@id":"https:\/\/albaniantennis.com\/komiteti-ekzekutiv\/#primaryimage","url":"https:\/\/albaniantennis.com\/wp-content\/uploads\/2022\/05\/279926150_145680341345864_7641248185428999671_n.jpg","contentUrl":"https:\/\/albaniantennis.com\/wp-content\/uploads\/2022\/05\/279926150_145680341345864_7641248185428999671_n.jpg"},{"@type":"BreadcrumbList","@id":"https:\/\/albaniantennis.com\/komiteti-ekzekutiv\/#breadcrumb","itemListElement":[{"@type":"ListItem","position":1,"name":"Home","item":"https:\/\/albaniantennis.com\/"},{"@type":"ListItem","position":2,"name":"Antar\u00ebt e Federat\u00ebs"}]},{"@type":"WebSite","@id":"https:\/\/albaniantennis.com\/#website","url":"https:\/\/albaniantennis.com\/","name":"Federata Shqiptare e Tenisit","description":"Federata Shqiptare e Tenisit","publisher":{"@id":"https:\/\/albaniantennis.com\/#organization"},"potentialAction":[{"@type":"SearchAction","target":{"@type":"EntryPoint","urlTemplate":"https:\/\/albaniantennis.com\/?s={search_term_string}"},"query-input":{"@type":"PropertyValueSpecification","valueRequired":true,"valueName":"search_term_string"}}],"inLanguage":"en-US"},{"@type":"Organization","@id":"https:\/\/albaniantennis.com\/#organization","name":"Federata Shqip\u00ebtare e Tenisit","url":"https:\/\/albaniantennis.com\/","logo":{"@type":"ImageObject","inLanguage":"en-US","@id":"https:\/\/albaniantennis.com\/#\/schema\/logo\/image\/","url":"https:\/\/albaniantennis.com\/wp-content\/uploads\/2022\/03\/Logo.png","contentUrl":"https:\/\/albaniantennis.com\/wp-content\/uploads\/2022\/03\/Logo.png","width":473,"height":400,"caption":"Federata Shqip\u00ebtare e Tenisit"},"image":{"@id":"https:\/\/albaniantennis.com\/#\/schema\/logo\/image\/"}}]}},"_links":{"self":[{"href":"https:\/\/albaniantennis.com\/en\/wp-json\/wp\/v2\/pages\/657","targetHints":{"allow":["GET"]}}],"collection":[{"href":"https:\/\/albaniantennis.com\/en\/wp-json\/wp\/v2\/pages"}],"about":[{"href":"https:\/\/albaniantennis.com\/en\/wp-json\/wp\/v2\/types\/page"}],"author":[{"embeddable":true,"href":"https:\/\/albaniantennis.com\/en\/wp-json\/wp\/v2\/users\/1"}],"replies":[{"embeddable":true,"href":"https:\/\/albaniantennis.com\/en\/wp-json\/wp\/v2\/comments?post=657"}],"version-history":[{"count":25,"href":"https:\/\/albaniantennis.com\/en\/wp-json\/wp\/v2\/pages\/657\/revisions"}],"predecessor-version":[{"id":6168,"href":"https:\/\/albaniantennis.com\/en\/wp-json\/wp\/v2\/pages\/657\/revisions\/6168"}],"wp:attachment":[{"href":"https:\/\/albaniantennis.com\/en\/wp-json\/wp\/v2\/media?parent=657"}],"curies":[{"name":"wp","href":"https:\/\/api.w.org\/{rel}","templated":true}]}}