{"id":645,"date":"2022-03-25T12:20:04","date_gmt":"2022-03-25T12:20:04","guid":{"rendered":"https:\/\/albaniantennis.com\/?page_id=645"},"modified":"2022-08-01T09:27:59","modified_gmt":"2022-08-01T09:27:59","slug":"asambleja-e-pergjithshme","status":"publish","type":"page","link":"https:\/\/albaniantennis.com\/en\/asambleja-e-pergjithshme\/","title":{"rendered":"Asambleja e P\u00ebrgjithshme"},"content":{"rendered":"<div data-elementor-type=\"wp-page\" data-elementor-id=\"645\" class=\"elementor elementor-645\">\n\t\t\t\t\t\t<section class=\"elementor-section elementor-top-section elementor-element elementor-element-a3ef61e elementor-section-boxed elementor-section-height-default elementor-section-height-default wpr-particle-no wpr-jarallax-no wpr-parallax-no wpr-sticky-section-no wpr-equal-height-no\" data-id=\"a3ef61e\" data-element_type=\"section\" data-e-type=\"section\">\n\t\t\t\t\t\t<div class=\"elementor-container elementor-column-gap-default\">\n\t\t\t\t\t<div class=\"elementor-column elementor-col-100 elementor-top-column elementor-element elementor-element-7e1abc7\" data-id=\"7e1abc7\" data-element_type=\"column\" data-e-type=\"column\">\n\t\t\t<div class=\"elementor-widget-wrap\">\n\t\t\t\t\t\t\t<\/div>\n\t\t<\/div>\n\t\t\t\t\t<\/div>\n\t\t<\/section>\n\t\t\t\t<section class=\"elementor-section elementor-top-section elementor-element elementor-element-5002ef2 elementor-section-boxed elementor-section-height-default elementor-section-height-default wpr-particle-no wpr-jarallax-no wpr-parallax-no wpr-sticky-section-no wpr-equal-height-no\" data-id=\"5002ef2\" data-element_type=\"section\" data-e-type=\"section\" data-settings=\"{&quot;background_background&quot;:&quot;classic&quot;}\">\n\t\t\t\t\t\t<div class=\"elementor-container elementor-column-gap-default\">\n\t\t\t\t\t<div class=\"elementor-column elementor-col-100 elementor-top-column elementor-element elementor-element-d2830a3\" data-id=\"d2830a3\" data-element_type=\"column\" data-e-type=\"column\">\n\t\t\t<div class=\"elementor-widget-wrap elementor-element-populated\">\n\t\t\t\t\t\t<div class=\"elementor-element elementor-element-05c77d1 elementor-widget elementor-widget-text-editor\" data-id=\"05c77d1\" data-element_type=\"widget\" data-e-type=\"widget\" data-widget_type=\"text-editor.default\">\n\t\t\t\t\t\t\t\t\t<h3>Asambleja e P\u00ebrgjithshme<\/h3><p><strong>Asambleja e P\u00ebrgjithshme<\/strong><\/p><ul><li>1\u00a0\u00a0\u00a0\u00a0\u00a0\u00a0\u00a0\u00a0\u00a0\u00a0\u00a0\u00a0\u00a0 Shoqata e Tenisit Berati Berat<\/li><li>2\u00a0\u00a0\u00a0\u00a0\u00a0\u00a0\u00a0\u00a0\u00a0\u00a0\u00a0\u00a0\u00a0 Shoqata e Tenisit Teuta Durr\u00ebs<\/li><li>3\u00a0\u00a0\u00a0\u00a0\u00a0\u00a0\u00a0\u00a0\u00a0\u00a0\u00a0\u00a0\u00a0 Shoqata e Tenisit Durr\u00ebsi\u00a0\u00a0\u00a0\u00a0\u00a0\u00a0\u00a0\u00a0\u00a0\u00a0\u00a0\u00a0\u00a0 Durr\u00ebs<\/li><li>4\u00a0\u00a0\u00a0\u00a0\u00a0\u00a0\u00a0\u00a0\u00a0\u00a0\u00a0\u00a0\u00a0 Shoqata e Tenisit Kor\u00e7\u00eb Kor\u00e7\u00eb<\/li><li>5\u00a0\u00a0\u00a0\u00a0\u00a0\u00a0\u00a0\u00a0\u00a0\u00a0\u00a0\u00a0\u00a0 Shoqata e Tenisit Mrruku\u00a0\u00a0\u00a0\u00a0\u00a0\u00a0\u00a0\u00a0\u00a0\u00a0\u00a0\u00a0 Tiran\u00eb<\/li><li>6\u00a0\u00a0\u00a0\u00a0\u00a0\u00a0\u00a0\u00a0\u00a0\u00a0\u00a0\u00a0\u00a0 Klubi Shum\u00ebsport\u00ebsh \u201cSkenderbeu\u201d\u00a0\u00a0\u00a0\u00a0\u00a0\u00a0 Kor\u00e7\u00eb<\/li><li>7\u00a0\u00a0\u00a0\u00a0\u00a0\u00a0\u00a0\u00a0\u00a0\u00a0\u00a0\u00a0\u00a0 Klubi Shum\u00ebsport\u00ebsh \u201cButrinti\u201d Sarand\u00eb<\/li><li>8\u00a0\u00a0\u00a0\u00a0\u00a0\u00a0\u00a0\u00a0\u00a0\u00a0\u00a0\u00a0\u00a0 Klubi Shum\u00ebsport\u00ebsh \u201cVllaznia\u201d Shkod\u00ebr<\/li><li>9\u00a0\u00a0\u00a0\u00a0\u00a0\u00a0\u00a0\u00a0\u00a0\u00a0\u00a0\u00a0\u00a0 Shoqata e Tenisit \u201cTenis Shkodra\u201d\u00a0\u00a0\u00a0\u00a0\u00a0\u00a0\u00a0\u00a0\u00a0\u00a0\u00a0 Shkod\u00ebr<\/li><li>10\u00a0\u00a0\u00a0\u00a0\u00a0\u00a0\u00a0\u00a0\u00a0\u00a0 Shoqata e Tenisit Eralb (National Sport Park)\u00a0\u00a0\u00a0\u00a0\u00a0\u00a0 Tiran\u00eb<\/li><li>11\u00a0\u00a0\u00a0\u00a0\u00a0\u00a0\u00a0\u00a0\u00a0\u00a0 Shoqata e Tenisit Parku Tiran\u00eb<\/li><li>12\u00a0\u00a0\u00a0\u00a0\u00a0\u00a0\u00a0\u00a0\u00a0\u00a0 Shoqata e Tenisit Plus E&amp;M\u00a0\u00a0\u00a0\u00a0\u00a0\u00a0\u00a0\u00a0 Durr\u00ebs<\/li><li>13\u00a0\u00a0\u00a0\u00a0\u00a0\u00a0\u00a0\u00a0\u00a0\u00a0 Shoqata e Tenisit Dream Team\u00a0 Durr\u00ebs<\/li><li>14\u00a0\u00a0\u00a0\u00a0\u00a0\u00a0\u00a0\u00a0\u00a0\u00a0 Shoqata e Tenisit Tirana\u00a0\u00a0\u00a0\u00a0\u00a0\u00a0\u00a0\u00a0\u00a0\u00a0\u00a0\u00a0\u00a0\u00a0\u00a0 Tiran\u00eb<\/li><li>15\u00a0\u00a0\u00a0\u00a0\u00a0\u00a0\u00a0\u00a0\u00a0\u00a0 Shoqata e Tenisit Tenis p\u00ebr t\u00eb Gjith\u00eb\u00a0\u00a0\u00a0\u00a0\u00a0\u00a0 Tiran\u00eb<\/li><li>16\u00a0\u00a0\u00a0\u00a0\u00a0\u00a0\u00a0\u00a0\u00a0\u00a0 Shoqata \u201cTirana Tennis Academy\u201d\u00a0\u00a0\u00a0\u00a0\u00a0\u00a0\u00a0\u00a0\u00a0\u00a0\u00a0 Tiran\u00eb<\/li><li>17\u00a0\u00a0\u00a0\u00a0\u00a0\u00a0\u00a0\u00a0\u00a0\u00a0 Shoqata e Tenisit Vlora Vlor\u00eb<\/li><li>18\u00a0\u00a0\u00a0\u00a0\u00a0\u00a0\u00a0\u00a0\u00a0\u00a0 Shoqata e Tenisit Vasil Shanto\u00a0\u00a0\u00a0 Tiran\u00eb<\/li><\/ul>\t\t\t\t\t\t\t\t<\/div>\n\t\t\t\t\t<\/div>\n\t\t<\/div>\n\t\t\t\t\t<\/div>\n\t\t<\/section>\n\t\t\t\t<\/div>","protected":false},"excerpt":{"rendered":"<p>Asambleja e P\u00ebrgjithshme Asambleja e P\u00ebrgjithshme 1\u00a0\u00a0\u00a0\u00a0\u00a0\u00a0\u00a0\u00a0\u00a0\u00a0\u00a0\u00a0\u00a0 Shoqata e Tenisit Berati Berat 2\u00a0\u00a0\u00a0\u00a0\u00a0\u00a0\u00a0\u00a0\u00a0\u00a0\u00a0\u00a0\u00a0 Shoqata e Tenisit Teuta Durr\u00ebs 3\u00a0\u00a0\u00a0\u00a0\u00a0\u00a0\u00a0\u00a0\u00a0\u00a0\u00a0\u00a0\u00a0 Shoqata e Tenisit Durr\u00ebsi\u00a0\u00a0\u00a0\u00a0\u00a0\u00a0\u00a0\u00a0\u00a0\u00a0\u00a0\u00a0\u00a0 Durr\u00ebs 4\u00a0\u00a0\u00a0\u00a0\u00a0\u00a0\u00a0\u00a0\u00a0\u00a0\u00a0\u00a0\u00a0 Shoqata e Tenisit Kor\u00e7\u00eb Kor\u00e7\u00eb 5\u00a0\u00a0\u00a0\u00a0\u00a0\u00a0\u00a0\u00a0\u00a0\u00a0\u00a0\u00a0\u00a0 Shoqata e Tenisit Mrruku\u00a0\u00a0\u00a0\u00a0\u00a0\u00a0\u00a0\u00a0\u00a0\u00a0\u00a0\u00a0 Tiran\u00eb 6\u00a0\u00a0\u00a0\u00a0\u00a0\u00a0\u00a0\u00a0\u00a0\u00a0\u00a0\u00a0\u00a0 Klubi Shum\u00ebsport\u00ebsh \u201cSkenderbeu\u201d\u00a0\u00a0\u00a0\u00a0\u00a0\u00a0 Kor\u00e7\u00eb 7\u00a0\u00a0\u00a0\u00a0\u00a0\u00a0\u00a0\u00a0\u00a0\u00a0\u00a0\u00a0\u00a0 Klubi Shum\u00ebsport\u00ebsh \u201cButrinti\u201d Sarand\u00eb 8\u00a0\u00a0\u00a0\u00a0\u00a0\u00a0\u00a0\u00a0\u00a0\u00a0\u00a0\u00a0\u00a0 Klubi Shum\u00ebsport\u00ebsh \u201cVllaznia\u201d Shkod\u00ebr 9\u00a0\u00a0\u00a0\u00a0\u00a0\u00a0\u00a0\u00a0\u00a0\u00a0\u00a0\u00a0\u00a0 Shoqata e Tenisit \u201cTenis Shkodra\u201d\u00a0\u00a0\u00a0\u00a0\u00a0\u00a0\u00a0\u00a0\u00a0\u00a0\u00a0 Shkod\u00ebr 10\u00a0\u00a0\u00a0\u00a0\u00a0\u00a0\u00a0\u00a0\u00a0\u00a0 Shoqata e Tenisit Eralb (National Sport Park)\u00a0\u00a0\u00a0\u00a0\u00a0\u00a0 Tiran\u00eb 11\u00a0\u00a0\u00a0\u00a0\u00a0\u00a0\u00a0\u00a0\u00a0\u00a0 Shoqata e Tenisit Parku Tiran\u00eb 12\u00a0\u00a0\u00a0\u00a0\u00a0\u00a0\u00a0\u00a0\u00a0\u00a0 Shoqata e Tenisit Plus E&amp;M\u00a0\u00a0\u00a0\u00a0\u00a0\u00a0\u00a0\u00a0 Durr\u00ebs 13\u00a0\u00a0\u00a0\u00a0\u00a0\u00a0\u00a0\u00a0\u00a0\u00a0 Shoqata e Tenisit Dream Team\u00a0 Durr\u00ebs 14\u00a0\u00a0\u00a0\u00a0\u00a0\u00a0\u00a0\u00a0\u00a0\u00a0 Shoqata e Tenisit Tirana\u00a0\u00a0\u00a0\u00a0\u00a0\u00a0\u00a0\u00a0\u00a0\u00a0\u00a0\u00a0\u00a0\u00a0\u00a0 Tiran\u00eb 15\u00a0\u00a0\u00a0\u00a0\u00a0\u00a0\u00a0\u00a0\u00a0\u00a0 Shoqata e Tenisit Tenis p\u00ebr t\u00eb Gjith\u00eb\u00a0\u00a0\u00a0\u00a0\u00a0\u00a0 Tiran\u00eb 16\u00a0\u00a0\u00a0\u00a0\u00a0\u00a0\u00a0\u00a0\u00a0\u00a0 Shoqata \u201cTirana Tennis Academy\u201d\u00a0\u00a0\u00a0\u00a0\u00a0\u00a0\u00a0\u00a0\u00a0\u00a0\u00a0 Tiran\u00eb 17\u00a0\u00a0\u00a0\u00a0\u00a0\u00a0\u00a0\u00a0\u00a0\u00a0 Shoqata e Tenisit Vlora Vlor\u00eb 18\u00a0\u00a0\u00a0\u00a0\u00a0\u00a0\u00a0\u00a0\u00a0\u00a0 Shoqata e Tenisit Vasil Shanto\u00a0\u00a0\u00a0 Tiran\u00eb<\/p>","protected":false},"author":1,"featured_media":0,"parent":0,"menu_order":0,"comment_status":"closed","ping_status":"closed","template":"elementor_canvas","meta":{"_eb_attr":"","pgc_sgb_lightbox_settings":"","footnotes":""},"class_list":["post-645","page","type-page","status-publish","hentry"],"yoast_head":"<!-- This site is optimized with the Yoast SEO plugin v27.4 - https:\/\/yoast.com\/product\/yoast-seo-wordpress\/ -->\n<title>Asambleja e P\u00ebrgjithshme &#8212; Federata Shqiptare e Tenisit<\/title>\n<meta name=\"robots\" content=\"index, follow, max-snippet:-1, max-image-preview:large, max-video-preview:-1\" \/>\n<link rel=\"canonical\" href=\"https:\/\/albaniantennis.com\/en\/asambleja-e-pergjithshme\/\" \/>\n<meta property=\"og:locale\" content=\"en_US\" \/>\n<meta property=\"og:type\" content=\"article\" \/>\n<meta property=\"og:title\" content=\"Asambleja e P\u00ebrgjithshme &#8212; Federata Shqiptare e Tenisit\" \/>\n<meta property=\"og:description\" content=\"Asambleja e P\u00ebrgjithshme Asambleja e P\u00ebrgjithshme 1\u00a0\u00a0\u00a0\u00a0\u00a0\u00a0\u00a0\u00a0\u00a0\u00a0\u00a0\u00a0\u00a0 Shoqata e Tenisit Berati Berat 2\u00a0\u00a0\u00a0\u00a0\u00a0\u00a0\u00a0\u00a0\u00a0\u00a0\u00a0\u00a0\u00a0 Shoqata e Tenisit Teuta Durr\u00ebs 3\u00a0\u00a0\u00a0\u00a0\u00a0\u00a0\u00a0\u00a0\u00a0\u00a0\u00a0\u00a0\u00a0 Shoqata e Tenisit Durr\u00ebsi\u00a0\u00a0\u00a0\u00a0\u00a0\u00a0\u00a0\u00a0\u00a0\u00a0\u00a0\u00a0\u00a0 Durr\u00ebs 4\u00a0\u00a0\u00a0\u00a0\u00a0\u00a0\u00a0\u00a0\u00a0\u00a0\u00a0\u00a0\u00a0 Shoqata e Tenisit Kor\u00e7\u00eb Kor\u00e7\u00eb 5\u00a0\u00a0\u00a0\u00a0\u00a0\u00a0\u00a0\u00a0\u00a0\u00a0\u00a0\u00a0\u00a0 Shoqata e Tenisit Mrruku\u00a0\u00a0\u00a0\u00a0\u00a0\u00a0\u00a0\u00a0\u00a0\u00a0\u00a0\u00a0 Tiran\u00eb 6\u00a0\u00a0\u00a0\u00a0\u00a0\u00a0\u00a0\u00a0\u00a0\u00a0\u00a0\u00a0\u00a0 Klubi Shum\u00ebsport\u00ebsh \u201cSkenderbeu\u201d\u00a0\u00a0\u00a0\u00a0\u00a0\u00a0 Kor\u00e7\u00eb 7\u00a0\u00a0\u00a0\u00a0\u00a0\u00a0\u00a0\u00a0\u00a0\u00a0\u00a0\u00a0\u00a0 Klubi Shum\u00ebsport\u00ebsh \u201cButrinti\u201d Sarand\u00eb 8\u00a0\u00a0\u00a0\u00a0\u00a0\u00a0\u00a0\u00a0\u00a0\u00a0\u00a0\u00a0\u00a0 Klubi Shum\u00ebsport\u00ebsh \u201cVllaznia\u201d Shkod\u00ebr 9\u00a0\u00a0\u00a0\u00a0\u00a0\u00a0\u00a0\u00a0\u00a0\u00a0\u00a0\u00a0\u00a0 Shoqata e Tenisit \u201cTenis Shkodra\u201d\u00a0\u00a0\u00a0\u00a0\u00a0\u00a0\u00a0\u00a0\u00a0\u00a0\u00a0 Shkod\u00ebr 10\u00a0\u00a0\u00a0\u00a0\u00a0\u00a0\u00a0\u00a0\u00a0\u00a0 Shoqata e Tenisit Eralb (National Sport Park)\u00a0\u00a0\u00a0\u00a0\u00a0\u00a0 Tiran\u00eb 11\u00a0\u00a0\u00a0\u00a0\u00a0\u00a0\u00a0\u00a0\u00a0\u00a0 Shoqata e Tenisit Parku Tiran\u00eb 12\u00a0\u00a0\u00a0\u00a0\u00a0\u00a0\u00a0\u00a0\u00a0\u00a0 Shoqata e Tenisit Plus E&amp;M\u00a0\u00a0\u00a0\u00a0\u00a0\u00a0\u00a0\u00a0 Durr\u00ebs 13\u00a0\u00a0\u00a0\u00a0\u00a0\u00a0\u00a0\u00a0\u00a0\u00a0 Shoqata e Tenisit Dream Team\u00a0 Durr\u00ebs 14\u00a0\u00a0\u00a0\u00a0\u00a0\u00a0\u00a0\u00a0\u00a0\u00a0 Shoqata e Tenisit Tirana\u00a0\u00a0\u00a0\u00a0\u00a0\u00a0\u00a0\u00a0\u00a0\u00a0\u00a0\u00a0\u00a0\u00a0\u00a0 Tiran\u00eb 15\u00a0\u00a0\u00a0\u00a0\u00a0\u00a0\u00a0\u00a0\u00a0\u00a0 Shoqata e Tenisit Tenis p\u00ebr t\u00eb Gjith\u00eb\u00a0\u00a0\u00a0\u00a0\u00a0\u00a0 Tiran\u00eb 16\u00a0\u00a0\u00a0\u00a0\u00a0\u00a0\u00a0\u00a0\u00a0\u00a0 Shoqata \u201cTirana Tennis Academy\u201d\u00a0\u00a0\u00a0\u00a0\u00a0\u00a0\u00a0\u00a0\u00a0\u00a0\u00a0 Tiran\u00eb 17\u00a0\u00a0\u00a0\u00a0\u00a0\u00a0\u00a0\u00a0\u00a0\u00a0 Shoqata e Tenisit Vlora Vlor\u00eb 18\u00a0\u00a0\u00a0\u00a0\u00a0\u00a0\u00a0\u00a0\u00a0\u00a0 Shoqata e Tenisit Vasil Shanto\u00a0\u00a0\u00a0 Tiran\u00eb\" \/>\n<meta property=\"og:url\" content=\"https:\/\/albaniantennis.com\/en\/asambleja-e-pergjithshme\/\" \/>\n<meta property=\"og:site_name\" content=\"Federata Shqiptare e Tenisit\" \/>\n<meta property=\"article:modified_time\" content=\"2022-08-01T09:27:59+00:00\" \/>\n<meta name=\"twitter:card\" content=\"summary_large_image\" \/>\n<meta name=\"twitter:label1\" content=\"Est. reading time\" \/>\n\t<meta name=\"twitter:data1\" content=\"1 minute\" \/>\n<script type=\"application\/ld+json\" class=\"yoast-schema-graph\">{\"@context\":\"https:\\\/\\\/schema.org\",\"@graph\":[{\"@type\":\"WebPage\",\"@id\":\"https:\\\/\\\/albaniantennis.com\\\/asambleja-e-pergjithshme\\\/\",\"url\":\"https:\\\/\\\/albaniantennis.com\\\/asambleja-e-pergjithshme\\\/\",\"name\":\"Asambleja e P\u00ebrgjithshme &#8212; Federata Shqiptare e Tenisit\",\"isPartOf\":{\"@id\":\"https:\\\/\\\/albaniantennis.com\\\/#website\"},\"datePublished\":\"2022-03-25T12:20:04+00:00\",\"dateModified\":\"2022-08-01T09:27:59+00:00\",\"breadcrumb\":{\"@id\":\"https:\\\/\\\/albaniantennis.com\\\/asambleja-e-pergjithshme\\\/#breadcrumb\"},\"inLanguage\":\"en-US\",\"potentialAction\":[{\"@type\":\"ReadAction\",\"target\":[\"https:\\\/\\\/albaniantennis.com\\\/asambleja-e-pergjithshme\\\/\"]}]},{\"@type\":\"BreadcrumbList\",\"@id\":\"https:\\\/\\\/albaniantennis.com\\\/asambleja-e-pergjithshme\\\/#breadcrumb\",\"itemListElement\":[{\"@type\":\"ListItem\",\"position\":1,\"name\":\"Home\",\"item\":\"https:\\\/\\\/albaniantennis.com\\\/\"},{\"@type\":\"ListItem\",\"position\":2,\"name\":\"Asambleja e P\u00ebrgjithshme\"}]},{\"@type\":\"WebSite\",\"@id\":\"https:\\\/\\\/albaniantennis.com\\\/#website\",\"url\":\"https:\\\/\\\/albaniantennis.com\\\/\",\"name\":\"Federata Shqiptare e Tenisit\",\"description\":\"Federata Shqiptare e Tenisit\",\"publisher\":{\"@id\":\"https:\\\/\\\/albaniantennis.com\\\/#organization\"},\"potentialAction\":[{\"@type\":\"SearchAction\",\"target\":{\"@type\":\"EntryPoint\",\"urlTemplate\":\"https:\\\/\\\/albaniantennis.com\\\/?s={search_term_string}\"},\"query-input\":{\"@type\":\"PropertyValueSpecification\",\"valueRequired\":true,\"valueName\":\"search_term_string\"}}],\"inLanguage\":\"en-US\"},{\"@type\":\"Organization\",\"@id\":\"https:\\\/\\\/albaniantennis.com\\\/#organization\",\"name\":\"Federata Shqip\u00ebtare e Tenisit\",\"url\":\"https:\\\/\\\/albaniantennis.com\\\/\",\"logo\":{\"@type\":\"ImageObject\",\"inLanguage\":\"en-US\",\"@id\":\"https:\\\/\\\/albaniantennis.com\\\/#\\\/schema\\\/logo\\\/image\\\/\",\"url\":\"https:\\\/\\\/albaniantennis.com\\\/wp-content\\\/uploads\\\/2022\\\/03\\\/Logo.png\",\"contentUrl\":\"https:\\\/\\\/albaniantennis.com\\\/wp-content\\\/uploads\\\/2022\\\/03\\\/Logo.png\",\"width\":473,\"height\":400,\"caption\":\"Federata Shqip\u00ebtare e Tenisit\"},\"image\":{\"@id\":\"https:\\\/\\\/albaniantennis.com\\\/#\\\/schema\\\/logo\\\/image\\\/\"}}]}<\/script>\n<!-- \/ Yoast SEO plugin. -->","yoast_head_json":{"title":"Asambleja e P\u00ebrgjithshme &#8212; Federata Shqiptare e Tenisit","robots":{"index":"index","follow":"follow","max-snippet":"max-snippet:-1","max-image-preview":"max-image-preview:large","max-video-preview":"max-video-preview:-1"},"canonical":"https:\/\/albaniantennis.com\/en\/asambleja-e-pergjithshme\/","og_locale":"en_US","og_type":"article","og_title":"Asambleja e P\u00ebrgjithshme &#8212; Federata Shqiptare e Tenisit","og_description":"Asambleja e P\u00ebrgjithshme Asambleja e P\u00ebrgjithshme 1\u00a0\u00a0\u00a0\u00a0\u00a0\u00a0\u00a0\u00a0\u00a0\u00a0\u00a0\u00a0\u00a0 Shoqata e Tenisit Berati Berat 2\u00a0\u00a0\u00a0\u00a0\u00a0\u00a0\u00a0\u00a0\u00a0\u00a0\u00a0\u00a0\u00a0 Shoqata e Tenisit Teuta Durr\u00ebs 3\u00a0\u00a0\u00a0\u00a0\u00a0\u00a0\u00a0\u00a0\u00a0\u00a0\u00a0\u00a0\u00a0 Shoqata e Tenisit Durr\u00ebsi\u00a0\u00a0\u00a0\u00a0\u00a0\u00a0\u00a0\u00a0\u00a0\u00a0\u00a0\u00a0\u00a0 Durr\u00ebs 4\u00a0\u00a0\u00a0\u00a0\u00a0\u00a0\u00a0\u00a0\u00a0\u00a0\u00a0\u00a0\u00a0 Shoqata e Tenisit Kor\u00e7\u00eb Kor\u00e7\u00eb 5\u00a0\u00a0\u00a0\u00a0\u00a0\u00a0\u00a0\u00a0\u00a0\u00a0\u00a0\u00a0\u00a0 Shoqata e Tenisit Mrruku\u00a0\u00a0\u00a0\u00a0\u00a0\u00a0\u00a0\u00a0\u00a0\u00a0\u00a0\u00a0 Tiran\u00eb 6\u00a0\u00a0\u00a0\u00a0\u00a0\u00a0\u00a0\u00a0\u00a0\u00a0\u00a0\u00a0\u00a0 Klubi Shum\u00ebsport\u00ebsh \u201cSkenderbeu\u201d\u00a0\u00a0\u00a0\u00a0\u00a0\u00a0 Kor\u00e7\u00eb 7\u00a0\u00a0\u00a0\u00a0\u00a0\u00a0\u00a0\u00a0\u00a0\u00a0\u00a0\u00a0\u00a0 Klubi Shum\u00ebsport\u00ebsh \u201cButrinti\u201d Sarand\u00eb 8\u00a0\u00a0\u00a0\u00a0\u00a0\u00a0\u00a0\u00a0\u00a0\u00a0\u00a0\u00a0\u00a0 Klubi Shum\u00ebsport\u00ebsh \u201cVllaznia\u201d Shkod\u00ebr 9\u00a0\u00a0\u00a0\u00a0\u00a0\u00a0\u00a0\u00a0\u00a0\u00a0\u00a0\u00a0\u00a0 Shoqata e Tenisit \u201cTenis Shkodra\u201d\u00a0\u00a0\u00a0\u00a0\u00a0\u00a0\u00a0\u00a0\u00a0\u00a0\u00a0 Shkod\u00ebr 10\u00a0\u00a0\u00a0\u00a0\u00a0\u00a0\u00a0\u00a0\u00a0\u00a0 Shoqata e Tenisit Eralb (National Sport Park)\u00a0\u00a0\u00a0\u00a0\u00a0\u00a0 Tiran\u00eb 11\u00a0\u00a0\u00a0\u00a0\u00a0\u00a0\u00a0\u00a0\u00a0\u00a0 Shoqata e Tenisit Parku Tiran\u00eb 12\u00a0\u00a0\u00a0\u00a0\u00a0\u00a0\u00a0\u00a0\u00a0\u00a0 Shoqata e Tenisit Plus E&amp;M\u00a0\u00a0\u00a0\u00a0\u00a0\u00a0\u00a0\u00a0 Durr\u00ebs 13\u00a0\u00a0\u00a0\u00a0\u00a0\u00a0\u00a0\u00a0\u00a0\u00a0 Shoqata e Tenisit Dream Team\u00a0 Durr\u00ebs 14\u00a0\u00a0\u00a0\u00a0\u00a0\u00a0\u00a0\u00a0\u00a0\u00a0 Shoqata e Tenisit Tirana\u00a0\u00a0\u00a0\u00a0\u00a0\u00a0\u00a0\u00a0\u00a0\u00a0\u00a0\u00a0\u00a0\u00a0\u00a0 Tiran\u00eb 15\u00a0\u00a0\u00a0\u00a0\u00a0\u00a0\u00a0\u00a0\u00a0\u00a0 Shoqata e Tenisit Tenis p\u00ebr t\u00eb Gjith\u00eb\u00a0\u00a0\u00a0\u00a0\u00a0\u00a0 Tiran\u00eb 16\u00a0\u00a0\u00a0\u00a0\u00a0\u00a0\u00a0\u00a0\u00a0\u00a0 Shoqata \u201cTirana Tennis Academy\u201d\u00a0\u00a0\u00a0\u00a0\u00a0\u00a0\u00a0\u00a0\u00a0\u00a0\u00a0 Tiran\u00eb 17\u00a0\u00a0\u00a0\u00a0\u00a0\u00a0\u00a0\u00a0\u00a0\u00a0 Shoqata e Tenisit Vlora Vlor\u00eb 18\u00a0\u00a0\u00a0\u00a0\u00a0\u00a0\u00a0\u00a0\u00a0\u00a0 Shoqata e Tenisit Vasil Shanto\u00a0\u00a0\u00a0 Tiran\u00eb","og_url":"https:\/\/albaniantennis.com\/en\/asambleja-e-pergjithshme\/","og_site_name":"Federata Shqiptare e Tenisit","article_modified_time":"2022-08-01T09:27:59+00:00","twitter_card":"summary_large_image","twitter_misc":{"Est. reading time":"1 minute"},"schema":{"@context":"https:\/\/schema.org","@graph":[{"@type":"WebPage","@id":"https:\/\/albaniantennis.com\/asambleja-e-pergjithshme\/","url":"https:\/\/albaniantennis.com\/asambleja-e-pergjithshme\/","name":"Asambleja e P\u00ebrgjithshme &#8212; Federata Shqiptare e Tenisit","isPartOf":{"@id":"https:\/\/albaniantennis.com\/#website"},"datePublished":"2022-03-25T12:20:04+00:00","dateModified":"2022-08-01T09:27:59+00:00","breadcrumb":{"@id":"https:\/\/albaniantennis.com\/asambleja-e-pergjithshme\/#breadcrumb"},"inLanguage":"en-US","potentialAction":[{"@type":"ReadAction","target":["https:\/\/albaniantennis.com\/asambleja-e-pergjithshme\/"]}]},{"@type":"BreadcrumbList","@id":"https:\/\/albaniantennis.com\/asambleja-e-pergjithshme\/#breadcrumb","itemListElement":[{"@type":"ListItem","position":1,"name":"Home","item":"https:\/\/albaniantennis.com\/"},{"@type":"ListItem","position":2,"name":"Asambleja e P\u00ebrgjithshme"}]},{"@type":"WebSite","@id":"https:\/\/albaniantennis.com\/#website","url":"https:\/\/albaniantennis.com\/","name":"Federata Shqiptare e Tenisit","description":"Federata Shqiptare e Tenisit","publisher":{"@id":"https:\/\/albaniantennis.com\/#organization"},"potentialAction":[{"@type":"SearchAction","target":{"@type":"EntryPoint","urlTemplate":"https:\/\/albaniantennis.com\/?s={search_term_string}"},"query-input":{"@type":"PropertyValueSpecification","valueRequired":true,"valueName":"search_term_string"}}],"inLanguage":"en-US"},{"@type":"Organization","@id":"https:\/\/albaniantennis.com\/#organization","name":"Federata Shqip\u00ebtare e Tenisit","url":"https:\/\/albaniantennis.com\/","logo":{"@type":"ImageObject","inLanguage":"en-US","@id":"https:\/\/albaniantennis.com\/#\/schema\/logo\/image\/","url":"https:\/\/albaniantennis.com\/wp-content\/uploads\/2022\/03\/Logo.png","contentUrl":"https:\/\/albaniantennis.com\/wp-content\/uploads\/2022\/03\/Logo.png","width":473,"height":400,"caption":"Federata Shqip\u00ebtare e Tenisit"},"image":{"@id":"https:\/\/albaniantennis.com\/#\/schema\/logo\/image\/"}}]}},"_links":{"self":[{"href":"https:\/\/albaniantennis.com\/en\/wp-json\/wp\/v2\/pages\/645","targetHints":{"allow":["GET"]}}],"collection":[{"href":"https:\/\/albaniantennis.com\/en\/wp-json\/wp\/v2\/pages"}],"about":[{"href":"https:\/\/albaniantennis.com\/en\/wp-json\/wp\/v2\/types\/page"}],"author":[{"embeddable":true,"href":"https:\/\/albaniantennis.com\/en\/wp-json\/wp\/v2\/users\/1"}],"replies":[{"embeddable":true,"href":"https:\/\/albaniantennis.com\/en\/wp-json\/wp\/v2\/comments?post=645"}],"version-history":[{"count":10,"href":"https:\/\/albaniantennis.com\/en\/wp-json\/wp\/v2\/pages\/645\/revisions"}],"predecessor-version":[{"id":3409,"href":"https:\/\/albaniantennis.com\/en\/wp-json\/wp\/v2\/pages\/645\/revisions\/3409"}],"wp:attachment":[{"href":"https:\/\/albaniantennis.com\/en\/wp-json\/wp\/v2\/media?parent=645"}],"curies":[{"name":"wp","href":"https:\/\/api.w.org\/{rel}","templated":true}]}}